{"id":58,"date":"2017-09-17T17:41:15","date_gmt":"2017-09-17T15:41:15","guid":{"rendered":"http:\/\/www.svj4191.cz\/?page_id=58"},"modified":"2024-05-29T09:13:37","modified_gmt":"2024-05-29T07:13:37","slug":"zakladni-informace-o-svj","status":"publish","type":"page","link":"https:\/\/www.svj4191.cz\/?page_id=58","title":{"rendered":"Z\u00e1kladn\u00ed informace o SVJ"},"content":{"rendered":"<p>S\u00eddlo: Jir\u00e1skova 4191, 4192, 4193 Chomutov<\/p>\n<p><span style=\"color: #800000;\">P\u0159edseda v\u00fdboru SVJ<\/span>:\u00a0\u00a0\u00a0\u00a0\u00a0\u00a0\u00a0\u00a0\u00a0\u00a0\u00a0\u00a0\u00a0\u00a0\u00a0\u00a0\u00a0\u00a0 <span style=\"color: #0000ff;\">So\u0148a Pirklov\u00e1<\/span><\/p>\n<p><span style=\"color: #800000;\">M\u00edstop\u0159edseda v\u00fdboru SVJ<\/span>:\u00a0 \u00a0 \u00a0 \u00a0 \u00a0 Mgr. Michal \u0160perling<\/p>\n<p><span style=\"color: #800000;\">\u010clenov\u00e9 v\u00fdboru SV<\/span>J:\u00a0 \u00a0 \u00a0 \u00a0 \u00a0 \u00a0 \u00a0 \u00a0 \u00a0 \u00a0 \u00a0Tom\u00e1\u0161 Bassler, Mgr. Mark\u00e9ta Nedv\u011bdov\u00e1<\/p>\n<p><span style=\"color: #800000;\">\u010clen v\u00fdboru pro techniku<\/span>:\u00a0 \u00a0 \u00a0 \u00a0 \u00a0 \u00a0 Jaroslav Fremund<\/p>\n<p><span style=\"color: #800000;\">E-mailov\u00e1 adresa<\/span>:\u00a0\u00a0\u00a0\u00a0\u00a0\u00a0\u00a0\u00a0\u00a0\u00a0\u00a0\u00a0\u00a0\u00a0\u00a0\u00a0\u00a0\u00a0\u00a0\u00a0\u00a0\u00a0\u00a0\u00a0\u00a0 <a href=\"mailto:svj4191@centrum.cz\">svj4191@centrum.cz<\/a><\/p>\n<p><span style=\"color: #800000;\">Webov\u00e9 str\u00e1nky<\/span>:\u00a0\u00a0\u00a0\u00a0\u00a0\u00a0\u00a0\u00a0\u00a0\u00a0\u00a0\u00a0\u00a0\u00a0\u00a0\u00a0\u00a0\u00a0\u00a0\u00a0\u00a0\u00a0\u00a0\u00a0\u00a0\u00a0\u00a0 <a href=\"https:\/\/www.svj4191.cz\">https:\/\/www.svj4191.cz<\/a><\/p>\n<p>Datov\u00e1 schr\u00e1nka:\u00a0 \u00a0 \u00a0 \u00a0 \u00a0 \u00a0 \u00a0 \u00a0 \u00a0 \u00a0 \u00a0 \u00a0 \u00a0 \u00a0<span style=\"color: #0000ff;\">ugyo8z<\/span><\/p>\n<p><span style=\"color: #800000;\">Spr\u00e1vce SVJ<\/span>:\u00a0 \u00a0 \u00a0Kens sro, Husova 2284, Chomutov Tel:\u00a0603 259 427<\/p>\n<p><span style=\"color: #800000;\">\u00dadr\u017eba spol. prostor:<\/span>\u00a0 \u00a0FAEN, havarijn\u00ed slu\u017eba Tel: 602 418 050<\/p>\n<p><span style=\"color: #800000;\">Servis v\u00fdtah\u016f<\/span>:\u00a0 \u00a0 \u00a0 \u00a0 \u00a0 \u00a0 \u00a0 \u00a0 FANAK, havarijn\u00ed slu\u017eba Tel: 602 453 909<\/p>\n<p><span style=\"color: #800000;\">Spole\u010dn\u00e1 ant\u00e9na<\/span>:\u00a0 \u00a0 \u00a0 \u00a0 \u00a0 OMAT, hl\u00e1\u0161en\u00ed poruch Tel:\u00a0608 483 018<\/p>\n","protected":false},"excerpt":{"rendered":"<p>S\u00eddlo: Jir\u00e1skova 4191, 4192, 4193 Chomutov P\u0159edseda v\u00fdboru SVJ:\u00a0\u00a0\u00a0\u00a0\u00a0\u00a0\u00a0\u00a0\u00a0\u00a0\u00a0\u00a0\u00a0\u00a0\u00a0\u00a0\u00a0\u00a0 So\u0148a Pirklov\u00e1 M\u00edstop\u0159edseda v\u00fdboru SVJ:\u00a0 \u00a0 \u00a0 \u00a0 \u00a0 Mgr. Michal \u0160perling \u010clenov\u00e9 v\u00fdboru SVJ:\u00a0 \u00a0 \u00a0 \u00a0 \u00a0 \u00a0 \u00a0 \u00a0 \u00a0 \u00a0 \u00a0Tom\u00e1\u0161 Bassler, Mgr. Mark\u00e9ta Nedv\u011bdov\u00e1 \u010clen v\u00fdboru pro techniku:\u00a0 \u00a0 \u00a0 \u00a0 \u00a0 \u00a0 Jaroslav Fremund E-mailov\u00e1 adresa:\u00a0\u00a0\u00a0\u00a0\u00a0\u00a0\u00a0\u00a0\u00a0\u00a0\u00a0\u00a0\u00a0\u00a0\u00a0\u00a0\u00a0\u00a0\u00a0\u00a0\u00a0\u00a0\u00a0\u00a0\u00a0 svj4191@centrum.cz Webov\u00e9 str\u00e1nky:\u00a0\u00a0\u00a0\u00a0\u00a0\u00a0\u00a0\u00a0\u00a0\u00a0\u00a0\u00a0\u00a0\u00a0\u00a0\u00a0\u00a0\u00a0\u00a0\u00a0\u00a0\u00a0\u00a0\u00a0\u00a0\u00a0\u00a0 https:\/\/www.svj4191.cz &hellip; <a href=\"https:\/\/www.svj4191.cz\/?page_id=58\" class=\"more-link\">Pokra\u010dov\u00e1n\u00ed textu <span class=\"screen-reader-text\">Z\u00e1kladn\u00ed informace o SVJ<\/span><\/a><\/p>\n","protected":false},"author":1,"featured_media":0,"parent":0,"menu_order":0,"comment_status":"closed","ping_status":"closed","template":"","meta":[],"_links":{"self":[{"href":"https:\/\/www.svj4191.cz\/index.php?rest_route=\/wp\/v2\/pages\/58"}],"collection":[{"href":"https:\/\/www.svj4191.cz\/index.php?rest_route=\/wp\/v2\/pages"}],"about":[{"href":"https:\/\/www.svj4191.cz\/index.php?rest_route=\/wp\/v2\/types\/page"}],"author":[{"embeddable":true,"href":"https:\/\/www.svj4191.cz\/index.php?rest_route=\/wp\/v2\/users\/1"}],"replies":[{"embeddable":true,"href":"https:\/\/www.svj4191.cz\/index.php?rest_route=%2Fwp%2Fv2%2Fcomments&post=58"}],"version-history":[{"count":13,"href":"https:\/\/www.svj4191.cz\/index.php?rest_route=\/wp\/v2\/pages\/58\/revisions"}],"predecessor-version":[{"id":316,"href":"https:\/\/www.svj4191.cz\/index.php?rest_route=\/wp\/v2\/pages\/58\/revisions\/316"}],"wp:attachment":[{"href":"https:\/\/www.svj4191.cz\/index.php?rest_route=%2Fwp%2Fv2%2Fmedia&parent=58"}],"curies":[{"name":"wp","href":"https:\/\/api.w.org\/{rel}","templated":true}]}}