{"id":112,"date":"2018-05-23T19:45:55","date_gmt":"2018-05-23T17:45:55","guid":{"rendered":"http:\/\/www.svj4191.cz\/?page_id=112"},"modified":"2024-11-25T02:15:16","modified_gmt":"2024-11-25T01:15:16","slug":"informace-o-pocatku-svj","status":"publish","type":"page","link":"https:\/\/www.svj4191.cz\/?page_id=112","title":{"rendered":"Informace o po\u010d\u00e1tku SVJ"},"content":{"rendered":"<header class=\"entry-header\">\n<h2 class=\"entry-title\"><a href=\"https:\/\/www.svj4191.cz\/2017\/09\/17\/ahoj-vsichni\/\" rel=\"bookmark\">SVJ4191<\/a><\/h2>\n<\/header>\n<div class=\"entry-content\">\n<p>Spole\u010denstv\u00ed vlastn\u00edk\u016f jednotek Jir\u00e1skova 4191-4192-4193 Chomutov vzniklo dne 5.9.2001. Na sv\u00e9m prvn\u00edm shrom\u00e1\u017ed\u011bn\u00ed dne 6.11.2001 si zvolilo v\u00fdbor SVJ.&nbsp; &nbsp;P\u0159edsedou v\u00fdboru SVJ byl zvolen&nbsp;Franti\u0161ek Cabal.V&nbsp;uplynul\u00fdch letech byl v\u00fdbor SVJ n\u011bkolikr\u00e1t obm\u011bn\u011bn, ale j\u00e1dro v\u00fdboru SVJ z\u016fstalo zachov\u00e1no. Spole\u010denstv\u00ed vlastn\u00edk\u016f zahrnuje 62 vlastn\u00edk\u016f bytov\u00fdch jednotek.<\/p>\n<p><img decoding=\"async\" loading=\"lazy\" class=\"wp-image-29  aligncenter\" src=\"https:\/\/www.svj4191.cz\/wp-content\/uploads\/2017\/09\/cropped-4191-300x300.jpg\" alt=\"\" width=\"280\" height=\"280\" srcset=\"https:\/\/www.svj4191.cz\/wp-content\/uploads\/2017\/09\/cropped-4191-300x300.jpg 300w, https:\/\/www.svj4191.cz\/wp-content\/uploads\/2017\/09\/cropped-4191-150x150.jpg 150w, https:\/\/www.svj4191.cz\/wp-content\/uploads\/2017\/09\/cropped-4191-100x100.jpg 100w, https:\/\/www.svj4191.cz\/wp-content\/uploads\/2017\/09\/cropped-4191-270x270.jpg 270w, https:\/\/www.svj4191.cz\/wp-content\/uploads\/2017\/09\/cropped-4191-192x192.jpg 192w, https:\/\/www.svj4191.cz\/wp-content\/uploads\/2017\/09\/cropped-4191-180x180.jpg 180w, https:\/\/www.svj4191.cz\/wp-content\/uploads\/2017\/09\/cropped-4191-32x32.jpg 32w, https:\/\/www.svj4191.cz\/wp-content\/uploads\/2017\/09\/cropped-4191.jpg 512w\" sizes=\"(max-width: 280px) 100vw, 280px\" \/><\/p>\n<\/div>\n","protected":false},"excerpt":{"rendered":"<p>SVJ4191 Spole\u010denstv\u00ed vlastn\u00edk\u016f jednotek Jir\u00e1skova 4191-4192-4193 Chomutov vzniklo dne 5.9.2001. Na sv\u00e9m prvn\u00edm shrom\u00e1\u017ed\u011bn\u00ed dne 6.11.2001 si zvolilo v\u00fdbor SVJ.&nbsp; &nbsp;P\u0159edsedou v\u00fdboru SVJ byl zvolen&nbsp;Franti\u0161ek Cabal.V&nbsp;uplynul\u00fdch letech byl v\u00fdbor SVJ n\u011bkolikr\u00e1t obm\u011bn\u011bn, ale j\u00e1dro v\u00fdboru SVJ z\u016fstalo zachov\u00e1no. Spole\u010denstv\u00ed vlastn\u00edk\u016f zahrnuje 62 vlastn\u00edk\u016f bytov\u00fdch jednotek.<\/p>\n","protected":false},"author":1,"featured_media":0,"parent":0,"menu_order":0,"comment_status":"closed","ping_status":"closed","template":"","meta":[],"_links":{"self":[{"href":"https:\/\/www.svj4191.cz\/index.php?rest_route=\/wp\/v2\/pages\/112"}],"collection":[{"href":"https:\/\/www.svj4191.cz\/index.php?rest_route=\/wp\/v2\/pages"}],"about":[{"href":"https:\/\/www.svj4191.cz\/index.php?rest_route=\/wp\/v2\/types\/page"}],"author":[{"embeddable":true,"href":"https:\/\/www.svj4191.cz\/index.php?rest_route=\/wp\/v2\/users\/1"}],"replies":[{"embeddable":true,"href":"https:\/\/www.svj4191.cz\/index.php?rest_route=%2Fwp%2Fv2%2Fcomments&post=112"}],"version-history":[{"count":5,"href":"https:\/\/www.svj4191.cz\/index.php?rest_route=\/wp\/v2\/pages\/112\/revisions"}],"predecessor-version":[{"id":335,"href":"https:\/\/www.svj4191.cz\/index.php?rest_route=\/wp\/v2\/pages\/112\/revisions\/335"}],"wp:attachment":[{"href":"https:\/\/www.svj4191.cz\/index.php?rest_route=%2Fwp%2Fv2%2Fmedia&parent=112"}],"curies":[{"name":"wp","href":"https:\/\/api.w.org\/{rel}","templated":true}]}}